{"id":233,"date":"2024-07-14T09:49:28","date_gmt":"2024-07-14T07:49:28","guid":{"rendered":"http:\/\/wptest.b-f-a.de\/?page_id=233"},"modified":"2026-03-20T13:40:08","modified_gmt":"2026-03-20T12:40:08","slug":"login-teilnehmerbereich-2","status":"publish","type":"page","link":"https:\/\/berliner-fortbildungs-akademie.de\/interner_bereich\/","title":{"rendered":"Interner Bereich der Berliner FortbildungsAkademie"},"content":{"rendered":"\n<h2 class=\"wp-block-heading has-text-align-center\"><span translate=\"no\">Interner Bereich der Berliner FortbildungsAkademie<\/span><\/h2>\n\n\n<style>.kadence-column233_bf568a-98{max-width:400px;margin-left:auto;margin-right:auto;}.wp-block-kadence-column.kb-section-dir-horizontal:not(.kb-section-md-dir-vertical)>.kt-inside-inner-col>.kadence-column233_bf568a-98{-webkit-flex:0 1 400px;flex:0 1 400px;max-width:unset;margin-left:unset;margin-right:unset;}.kadence-column233_bf568a-98 > .kt-inside-inner-col,.kadence-column233_bf568a-98 > .kt-inside-inner-col:before{border-top-left-radius:0px;border-top-right-radius:0px;border-bottom-right-radius:0px;border-bottom-left-radius:0px;}.kadence-column233_bf568a-98 > .kt-inside-inner-col{column-gap:var(--global-kb-gap-sm, 1rem);}.kadence-column233_bf568a-98 > .kt-inside-inner-col{flex-direction:column;}.kadence-column233_bf568a-98 > .kt-inside-inner-col > .aligncenter{width:100%;}.kadence-column233_bf568a-98 > .kt-inside-inner-col:before{opacity:0.3;}.kadence-column233_bf568a-98{text-align:center;}.kadence-column233_bf568a-98{position:relative;}@media all and (min-width: 1025px){.wp-block-kadence-column.kb-section-dir-horizontal>.kt-inside-inner-col>.kadence-column233_bf568a-98{-webkit-flex:0 1 400px;flex:0 1 400px;max-width:unset;margin-left:unset;margin-right:unset;}}@media all and (max-width: 1024px){.kadence-column233_bf568a-98 > .kt-inside-inner-col{flex-direction:column;justify-content:center;}}@media all and (max-width: 767px){.wp-block-kadence-column.kb-section-sm-dir-vertical:not(.kb-section-sm-dir-horizontal):not(.kb-section-sm-dir-specificity)>.kt-inside-inner-col>.kadence-column233_bf568a-98{max-width:400px;-webkit-flex:1;flex:1;margin-left:auto;margin-right:auto;}.kadence-column233_bf568a-98 > .kt-inside-inner-col{flex-direction:column;justify-content:center;}}.kadence-column233_bf568a-98 {hyphens: none;}<\/style>\n<div class=\"wp-block-kadence-column kadence-column233_bf568a-98\"><div class=\"kt-inside-inner-col\"><style>.kadence-column233_73fb57-f5 > .kt-inside-inner-col{display:flex;}.kadence-column233_73fb57-f5{max-width:800px;margin-left:auto;margin-right:auto;}.wp-block-kadence-column.kb-section-dir-horizontal:not(.kb-section-md-dir-vertical)>.kt-inside-inner-col>.kadence-column233_73fb57-f5{-webkit-flex:0 1 800px;flex:0 1 800px;max-width:unset;margin-left:unset;margin-right:unset;}.kadence-column233_73fb57-f5 > .kt-inside-inner-col,.kadence-column233_73fb57-f5 > .kt-inside-inner-col:before{border-top-left-radius:0px;border-top-right-radius:0px;border-bottom-right-radius:0px;border-bottom-left-radius:0px;}.kadence-column233_73fb57-f5 > .kt-inside-inner-col{column-gap:var(--global-kb-gap-sm, 1rem);}.kadence-column233_73fb57-f5 > .kt-inside-inner-col{flex-direction:column;align-items:center;}.kadence-column233_73fb57-f5 > .kt-inside-inner-col > .kb-image-is-ratio-size{align-self:stretch;}.kadence-column233_73fb57-f5 > .kt-inside-inner-col > .wp-block-kadence-advancedgallery{align-self:stretch;}.kadence-column233_73fb57-f5 > .kt-inside-inner-col > .aligncenter{width:100%;}.kadence-column233_73fb57-f5 > .kt-inside-inner-col:before{opacity:0.3;}.kadence-column233_73fb57-f5{position:relative;}@media all and (min-width: 1025px){.wp-block-kadence-column.kb-section-dir-horizontal>.kt-inside-inner-col>.kadence-column233_73fb57-f5{-webkit-flex:0 1 800px;flex:0 1 800px;max-width:unset;margin-left:unset;margin-right:unset;}}@media all and (max-width: 1024px){.kadence-column233_73fb57-f5 > .kt-inside-inner-col{flex-direction:column;justify-content:center;align-items:center;}}@media all and (max-width: 767px){.wp-block-kadence-column.kb-section-sm-dir-vertical:not(.kb-section-sm-dir-horizontal):not(.kb-section-sm-dir-specificity)>.kt-inside-inner-col>.kadence-column233_73fb57-f5{max-width:800px;-webkit-flex:1;flex:1;margin-left:auto;margin-right:auto;}.kadence-column233_73fb57-f5 > .kt-inside-inner-col{flex-direction:column;justify-content:center;align-items:center;}}<\/style>\n<div class=\"wp-block-kadence-column kadence-column233_73fb57-f5\"><div class=\"kt-inside-inner-col\">\n<p class=\"has-text-align-center p\">Um den Teilnehmerbereich nutzen zu k\u00f6nnen, m\u00fcssen Sie sich <a href=\"https:\/\/berliner-fortbildungs-akademie.de\/interner_bereich\/registrierung\/\"><strong>registrieren<\/strong><\/a>.<br> Verwenden Sie hierf\u00fcr einen <strong>selbst gew\u00e4hlten Benutzernamen<\/strong> und ein <strong>selbst gew\u00e4hltes Passwort<\/strong>.<\/p>\n<\/div><\/div>\n\n\n<style>.kadence-column233_edb2a6-b0 > .kt-inside-inner-col{display:flex;}.kadence-column233_edb2a6-b0{max-width:1000px;margin-left:auto;margin-right:auto;}.wp-block-kadence-column.kb-section-dir-horizontal:not(.kb-section-md-dir-vertical)>.kt-inside-inner-col>.kadence-column233_edb2a6-b0{-webkit-flex:0 1 1000px;flex:0 1 1000px;max-width:unset;margin-left:unset;margin-right:unset;}.kadence-column233_edb2a6-b0 > .kt-inside-inner-col{padding-top:0px;padding-right:0px;padding-bottom:0px;padding-left:0px;}.kadence-column233_edb2a6-b0 > .kt-inside-inner-col,.kadence-column233_edb2a6-b0 > .kt-inside-inner-col:before{border-top-left-radius:0px;border-top-right-radius:0px;border-bottom-right-radius:0px;border-bottom-left-radius:0px;}.kadence-column233_edb2a6-b0 > .kt-inside-inner-col{row-gap:var(--global-kb-gap-none, 0rem );column-gap:var(--global-kb-gap-sm, 1rem);}.kadence-column233_edb2a6-b0 > .kt-inside-inner-col{flex-direction:column;align-items:center;}.kadence-column233_edb2a6-b0 > .kt-inside-inner-col > .kb-image-is-ratio-size{align-self:stretch;}.kadence-column233_edb2a6-b0 > .kt-inside-inner-col > .wp-block-kadence-advancedgallery{align-self:stretch;}.kadence-column233_edb2a6-b0 > .kt-inside-inner-col > .aligncenter{width:100%;}.kadence-column233_edb2a6-b0 > .kt-inside-inner-col:before{opacity:0.3;}.kadence-column233_edb2a6-b0{text-align:left;}.kadence-column233_edb2a6-b0{position:relative;}@media all and (min-width: 1025px){.wp-block-kadence-column.kb-section-dir-horizontal>.kt-inside-inner-col>.kadence-column233_edb2a6-b0{-webkit-flex:0 1 1000px;flex:0 1 1000px;max-width:unset;margin-left:unset;margin-right:unset;}}@media all and (max-width: 1024px){.kadence-column233_edb2a6-b0 > .kt-inside-inner-col{flex-direction:column;justify-content:center;align-items:center;}}@media all and (max-width: 767px){.wp-block-kadence-column.kb-section-sm-dir-vertical:not(.kb-section-sm-dir-horizontal):not(.kb-section-sm-dir-specificity)>.kt-inside-inner-col>.kadence-column233_edb2a6-b0{max-width:1000px;-webkit-flex:1;flex:1;margin-left:auto;margin-right:auto;}.kadence-column233_edb2a6-b0 > .kt-inside-inner-col{flex-direction:column;justify-content:center;align-items:center;}}.titel{}<\/style>\n<div class=\"wp-block-kadence-column kadence-column233_edb2a6-b0\"><div class=\"kt-inside-inner-col\">\n<div class=\"wp-block-group is-nowrap is-layout-flex wp-container-core-group-is-layout-6c531013 wp-block-group-is-layout-flex\">\n<p class=\"titel\" style=\"font-size:14px\"><strong>Beachten Sie bitte:<\/strong> Freischaltungen erfolgen i. d. R. w\u00e4hrend der \u00fcblichen B\u00fcrozeiten montags bis freitags.<\/p>\n<\/div>\n<\/div><\/div>\n\n\n\n<div style=\"height:20px\" aria-hidden=\"true\" class=\"wp-block-spacer\"><\/div>\n\n\n\n<div class=\"um um-login um-359\">\n\t<div class=\"um-form\">\n\t\t<form method=\"post\" action=\"\" autocomplete=\"off\">\n\t\t\t<div class=\"um-row _um_row_1 \" style=\"margin: 0 0 30px 0;\"><div class=\"um-col-1\"><div  id=\"um_field_359_username\" class=\"um-field um-field-text  um-field-username um-field-text um-field-type_text\" data-key=\"username\"><div class=\"um-field-label\"><label for=\"username-359\">Benutzername oder E-Mail<span class=\"um-req\" title=\"Erforderlich\">*<\/span><\/label><div class=\"um-clear\"><\/div><\/div><div class=\"um-field-area\"><input  autocomplete=\"off\" class=\"um-form-field valid \" type=\"text\" name=\"username-359\" id=\"username-359\" value=\"\" placeholder=\"\" data-validate=\"unique_username_or_email\" data-key=\"username\"  aria-invalid=\"false\" \/>\n\n\t\t\t\t\t\t<\/div><\/div><div  id=\"um_field_359_user_password\" class=\"um-field um-field-password  um-field-user_password um-field-password um-field-type_password\" data-key=\"user_password\"><div class=\"um-field-label\"><label for=\"user_password-359\">Passwort<span class=\"um-req\" title=\"Erforderlich\">*<\/span><\/label><div class=\"um-clear\"><\/div><\/div><div class=\"um-field-area\"><div class=\"um-field-area-password\">\n\t\t\t\t\t\t\t\t\t<input class=\"um-form-field valid \" type=\"password\" name=\"user_password-359\" id=\"user_password-359\" value=\"\" placeholder=\"\" data-validate=\"\" data-key=\"user_password\"  aria-invalid=\"false\" \/>\n\t\t\t\t\t\t\t\t\t<span class=\"um-toggle-password\"><i class=\"um-icon-eye\"><\/i><\/span>\n\t\t\t\t\t\t\t\t<\/div>\n\t\t\t\t\t\t\t<\/div><\/div><\/div><\/div>\t<input type=\"hidden\" name=\"form_id\" id=\"form_id_359\" value=\"359\" \/>\n\t\t<p class=\"um_request_name\">\n\t\t<label for=\"um_request_359\">Only fill in if you are not human<\/label>\n\t\t<input type=\"hidden\" name=\"um_request\" id=\"um_request_359\" class=\"input\" value=\"\" size=\"25\" autocomplete=\"off\" \/>\n\t<\/p>\n\t<input type=\"hidden\" id=\"_wpnonce\" name=\"_wpnonce\" value=\"1d14b106ec\" \/><input type=\"hidden\" name=\"_wp_http_referer\" value=\"\/interner_bereich\/wp-json\/wp\/v2\/pages\/233\" \/>\n<div class=\"g-recaptcha\" id=\"um-359\" data-mode=\"login\"><\/div>\n\n\n\t<div class=\"um-col-alt\">\n\n\t\t\n\t\t\t<div class=\"um-left um-half\">\n\t\t\t\t<input type=\"submit\" value=\"Anmelden\" class=\"um-button\" id=\"um-submit-btn\" \/>\n\t\t\t<\/div>\n\t\t\t<div class=\"um-right um-half\">\n\t\t\t\t<a href=\"https:\/\/berliner-fortbildungs-akademie.de\/interner_bereich\/registrierung\/\" class=\"um-button um-alt\">\n\t\t\t\t\tRegistrierung\t\t\t\t<\/a>\n\t\t\t<\/div>\n\n\t\t\n\t\t<div class=\"um-clear\"><\/div>\n\n\t<\/div>\n\n\t\n\t<div class=\"um-col-alt-b\">\n\t\t<a href=\"https:\/\/berliner-fortbildungs-akademie.de\/interner_bereich\/teilnehmerbereich-password-reset\/\" class=\"um-link-alt\">\n\t\t\tPasswort vergessen?\t\t<\/a>\n\t<\/div>\n\n\t\t\t<\/form>\n\t<\/div>\n<\/div>\n<style>\n\t\t\t.um-359.um {\n\t\t\tmax-width: 450px;\n\t\t}\n\t\t<\/style>\n\n\n\n\n<div style=\"height:30px\" aria-hidden=\"true\" class=\"wp-block-spacer\"><\/div>\n\n\n\n<div class=\"wp-block-group is-vertical is-content-justification-center is-layout-flex wp-container-core-group-is-layout-14e6c0e7 wp-block-group-is-layout-flex\" style=\"min-height:0px;padding-top:0;padding-bottom:0\">\n<p>Sollten Sie Schwierigkeiten beim Login haben, wenden Sie sich bitte an <\/p>\n\n\n\n<p>Frau Holey <a title=\"Call 030992115 via 3CX\" tcxhref=\"030992115\" href=\"\" target=\"_blank\">030 992 115 235<\/a> (<a href=\"mailto:holey@b-f-a.de\">holey@b-f-a.de<\/a>) oder Herrn Nalazek <a title=\"Call 030992115248 via 3CX\" tcxhref=\"030992115248\" href=\"\" target=\"_blank\">030 992 115 248<\/a> (<a href=\"mailto:nalazek@b-f-a.de\">nalazek@b-f-a.de<\/a>)<\/p>\n<\/div>\n<\/div><\/div>\n","protected":false},"excerpt":{"rendered":"<p>Interner Bereich der Berliner FortbildungsAkademie Um den Teilnehmerbereich nutzen zu k\u00f6nnen, m\u00fcssen Sie sich registrieren. Verwenden Sie hierf\u00fcr einen selbst gew\u00e4hlten Benutzernamen und ein selbst gew\u00e4hltes Passwort. Beachten Sie bitte: Freischaltungen erfolgen i. d. R. w\u00e4hrend der \u00fcblichen B\u00fcrozeiten montags bis freitags. Sollten Sie Schwierigkeiten beim Login haben, wenden Sie sich bitte an Frau Holey [&hellip;]<\/p>\n","protected":false},"author":1,"featured_media":0,"parent":0,"menu_order":0,"comment_status":"closed","ping_status":"closed","template":"","meta":{"site-sidebar-layout":"no-sidebar","site-content-layout":"","ast-site-content-layout":"default","site-content-style":"unboxed","site-sidebar-style":"default","ast-global-header-display":"","ast-banner-title-visibility":"","ast-main-header-display":"","ast-hfb-above-header-display":"","ast-hfb-below-header-display":"","ast-hfb-mobile-header-display":"","site-post-title":"disabled","ast-breadcrumbs-content":"","ast-featured-img":"","footer-sml-layout":"","ast-disable-related-posts":"","theme-transparent-header-meta":"","adv-header-id-meta":"","stick-header-meta":"","header-above-stick-meta":"","header-main-stick-meta":"","header-below-stick-meta":"","astra-migrate-meta-layouts":"default","ast-page-background-enabled":"default","ast-page-background-meta":{"desktop":{"background-color":"var(--ast-global-color-4)","background-image":"","background-repeat":"repeat","background-position":"center center","background-size":"auto","background-attachment":"scroll","background-type":"","background-media":"","overlay-type":"","overlay-color":"","overlay-opacity":"","overlay-gradient":""},"tablet":{"background-color":"","background-image":"","background-repeat":"repeat","background-position":"center center","background-size":"auto","background-attachment":"scroll","background-type":"","background-media":"","overlay-type":"","overlay-color":"","overlay-opacity":"","overlay-gradient":""},"mobile":{"background-color":"","background-image":"","background-repeat":"repeat","background-position":"center center","background-size":"auto","background-attachment":"scroll","background-type":"","background-media":"","overlay-type":"","overlay-color":"","overlay-opacity":"","overlay-gradient":""}},"ast-content-background-meta":{"desktop":{"background-color":"var(--ast-global-color-5)","background-image":"","background-repeat":"repeat","background-position":"center center","background-size":"auto","background-attachment":"scroll","background-type":"","background-media":"","overlay-type":"","overlay-color":"","overlay-opacity":"","overlay-gradient":""},"tablet":{"background-color":"var(--ast-global-color-5)","background-image":"","background-repeat":"repeat","background-position":"center center","background-size":"auto","background-attachment":"scroll","background-type":"","background-media":"","overlay-type":"","overlay-color":"","overlay-opacity":"","overlay-gradient":""},"mobile":{"background-color":"var(--ast-global-color-5)","background-image":"","background-repeat":"repeat","background-position":"center center","background-size":"auto","background-attachment":"scroll","background-type":"","background-media":"","overlay-type":"","overlay-color":"","overlay-opacity":"","overlay-gradient":""}},"footnotes":""},"class_list":["post-233","page","type-page","status-publish","hentry"],"_links":{"self":[{"href":"https:\/\/berliner-fortbildungs-akademie.de\/interner_bereich\/wp-json\/wp\/v2\/pages\/233","targetHints":{"allow":["GET"]}}],"collection":[{"href":"https:\/\/berliner-fortbildungs-akademie.de\/interner_bereich\/wp-json\/wp\/v2\/pages"}],"about":[{"href":"https:\/\/berliner-fortbildungs-akademie.de\/interner_bereich\/wp-json\/wp\/v2\/types\/page"}],"author":[{"embeddable":true,"href":"https:\/\/berliner-fortbildungs-akademie.de\/interner_bereich\/wp-json\/wp\/v2\/users\/1"}],"replies":[{"embeddable":true,"href":"https:\/\/berliner-fortbildungs-akademie.de\/interner_bereich\/wp-json\/wp\/v2\/comments?post=233"}],"version-history":[{"count":16,"href":"https:\/\/berliner-fortbildungs-akademie.de\/interner_bereich\/wp-json\/wp\/v2\/pages\/233\/revisions"}],"predecessor-version":[{"id":17879,"href":"https:\/\/berliner-fortbildungs-akademie.de\/interner_bereich\/wp-json\/wp\/v2\/pages\/233\/revisions\/17879"}],"wp:attachment":[{"href":"https:\/\/berliner-fortbildungs-akademie.de\/interner_bereich\/wp-json\/wp\/v2\/media?parent=233"}],"curies":[{"name":"wp","href":"https:\/\/api.w.org\/{rel}","templated":true}]}}