{"id":2790,"date":"2024-08-21T08:16:22","date_gmt":"2024-08-21T06:16:22","guid":{"rendered":"http:\/\/wptest.b-f-a.de\/?page_id=2790"},"modified":"2025-10-22T11:53:46","modified_gmt":"2025-10-22T09:53:46","slug":"registrierung","status":"publish","type":"page","link":"https:\/\/berliner-fortbildungs-akademie.de\/interner_bereich\/registrierung\/","title":{"rendered":"Registrierung Interner Bereich"},"content":{"rendered":"\n<div style=\"height:30px\" aria-hidden=\"true\" class=\"wp-block-spacer\"><\/div>\n\n\n\n<h2 class=\"wp-block-heading has-text-align-center\">Registrierung f\u00fcr den Internen Bereich der Berliner FortbildungsAkademie<\/h2>\n\n\n\n<div style=\"height:30px\" aria-hidden=\"true\" class=\"wp-block-spacer\"><\/div>\n\n\n<style>.kadence-column2790_1f491e-96 > .kt-inside-inner-col{display:flex;}.kadence-column2790_1f491e-96{max-width:800px;margin-left:auto;margin-right:auto;}.wp-block-kadence-column.kb-section-dir-horizontal:not(.kb-section-md-dir-vertical)>.kt-inside-inner-col>.kadence-column2790_1f491e-96{-webkit-flex:0 1 800px;flex:0 1 800px;max-width:unset;margin-left:unset;margin-right:unset;}.kadence-column2790_1f491e-96 > .kt-inside-inner-col,.kadence-column2790_1f491e-96 > .kt-inside-inner-col:before{border-top-left-radius:0px;border-top-right-radius:0px;border-bottom-right-radius:0px;border-bottom-left-radius:0px;}.kadence-column2790_1f491e-96 > .kt-inside-inner-col{column-gap:var(--global-kb-gap-sm, 1rem);}.kadence-column2790_1f491e-96 > .kt-inside-inner-col{flex-direction:column;align-items:center;}.kadence-column2790_1f491e-96 > .kt-inside-inner-col > .kb-image-is-ratio-size{align-self:stretch;}.kadence-column2790_1f491e-96 > .kt-inside-inner-col > .wp-block-kadence-advancedgallery{align-self:stretch;}.kadence-column2790_1f491e-96 > .kt-inside-inner-col > .aligncenter{width:100%;}.kadence-column2790_1f491e-96 > .kt-inside-inner-col:before{opacity:0.3;}.kadence-column2790_1f491e-96{text-align:center;}.kadence-column2790_1f491e-96{position:relative;}@media all and (min-width: 1025px){.wp-block-kadence-column.kb-section-dir-horizontal>.kt-inside-inner-col>.kadence-column2790_1f491e-96{-webkit-flex:0 1 800px;flex:0 1 800px;max-width:unset;margin-left:unset;margin-right:unset;}}@media all and (max-width: 1024px){.kadence-column2790_1f491e-96 > .kt-inside-inner-col{flex-direction:column;justify-content:center;align-items:center;}}@media all and (max-width: 767px){.wp-block-kadence-column.kb-section-sm-dir-vertical:not(.kb-section-sm-dir-horizontal):not(.kb-section-sm-dir-specificity)>.kt-inside-inner-col>.kadence-column2790_1f491e-96{max-width:800px;-webkit-flex:1;flex:1;margin-left:auto;margin-right:auto;}.kadence-column2790_1f491e-96 > .kt-inside-inner-col{flex-direction:column;justify-content:center;align-items:center;}}<\/style>\n<div class=\"wp-block-kadence-column kadence-column2790_1f491e-96\"><div class=\"kt-inside-inner-col\"><style>.kb-row-layout-id2790_60bf9b-4e > .kt-row-column-wrap{align-content:start;}:where(.kb-row-layout-id2790_60bf9b-4e > .kt-row-column-wrap) > .wp-block-kadence-column{justify-content:start;}.kb-row-layout-id2790_60bf9b-4e > .kt-row-column-wrap{column-gap:var(--global-kb-gap-md, 2rem);row-gap:var(--global-kb-gap-md, 2rem);max-width:1000px;margin-left:auto;margin-right:auto;padding-top:var(--global-kb-spacing-sm, 1.5rem);padding-bottom:var(--global-kb-spacing-sm, 1.5rem);grid-template-columns:minmax(0, 1fr);}.kb-row-layout-id2790_60bf9b-4e > .kt-row-layout-overlay{opacity:0.30;}@media all and (max-width: 1024px){.kb-row-layout-id2790_60bf9b-4e > .kt-row-column-wrap{grid-template-columns:minmax(0, 1fr);}}@media all and (max-width: 767px){.kb-row-layout-id2790_60bf9b-4e > .kt-row-column-wrap{grid-template-columns:minmax(0, 1fr);}}<\/style><div class=\"kb-row-layout-wrap kb-row-layout-id2790_60bf9b-4e alignnone wp-block-kadence-rowlayout\"><div class=\"kt-row-column-wrap kt-has-2-columns kt-row-layout-row kt-tab-layout-inherit kt-mobile-layout-row kt-row-valign-top\">\n<style>.kadence-column2790_78943d-ba > .kt-inside-inner-col,.kadence-column2790_78943d-ba > .kt-inside-inner-col:before{border-top-left-radius:0px;border-top-right-radius:0px;border-bottom-right-radius:0px;border-bottom-left-radius:0px;}.kadence-column2790_78943d-ba > .kt-inside-inner-col{column-gap:var(--global-kb-gap-sm, 1rem);}.kadence-column2790_78943d-ba > .kt-inside-inner-col{flex-direction:column;}.kadence-column2790_78943d-ba > .kt-inside-inner-col > .aligncenter{width:100%;}.kadence-column2790_78943d-ba > .kt-inside-inner-col:before{opacity:0.3;}.kadence-column2790_78943d-ba{position:relative;}@media all and (max-width: 1024px){.kadence-column2790_78943d-ba > .kt-inside-inner-col{flex-direction:column;justify-content:center;}}@media all and (max-width: 767px){.kadence-column2790_78943d-ba > .kt-inside-inner-col{flex-direction:column;justify-content:center;}}<\/style>\n<div class=\"wp-block-kadence-column kadence-column2790_78943d-ba\"><div class=\"kt-inside-inner-col\">\n<p class=\"has-text-align-center\">Sobald die eingegebenen Registrierungsdaten \u00fcberpr\u00fcft wurden, erhalten Sie eine Email mit dem Aktivierungslink Ihres Accounts. Sollten Sie Schwierigkeiten beim Ausf\u00fcllen des Formulars haben, wenden Sie sich bitte an unsere Mitarbeiter*innen der BFA.<\/p>\n<\/div><\/div>\n\n\n<style>.kadence-column2790_50ee4b-32 > .kt-inside-inner-col,.kadence-column2790_50ee4b-32 > .kt-inside-inner-col:before{border-top-left-radius:0px;border-top-right-radius:0px;border-bottom-right-radius:0px;border-bottom-left-radius:0px;}.kadence-column2790_50ee4b-32 > .kt-inside-inner-col{column-gap:var(--global-kb-gap-sm, 1rem);}.kadence-column2790_50ee4b-32 > .kt-inside-inner-col{flex-direction:column;}.kadence-column2790_50ee4b-32 > .kt-inside-inner-col > .aligncenter{width:100%;}.kadence-column2790_50ee4b-32 > .kt-inside-inner-col:before{opacity:0.3;}.kadence-column2790_50ee4b-32{position:relative;}@media all and (max-width: 1024px){.kadence-column2790_50ee4b-32 > .kt-inside-inner-col{flex-direction:column;justify-content:center;}}@media all and (max-width: 767px){.kadence-column2790_50ee4b-32 > .kt-inside-inner-col{flex-direction:column;justify-content:center;}}<\/style>\n<div class=\"wp-block-kadence-column kadence-column2790_50ee4b-32\"><div class=\"kt-inside-inner-col\">\n<div class=\"um um-register um-358\">\n\t<div class=\"um-form\" data-mode=\"register\">\n\t\t<form method=\"post\" action=\"\">\n\t\t\t<div class=\"um-row _um_row_1 \" style=\"margin: 0 0 30px 0;\"><div class=\"um-col-121\"><div  id=\"um_field_358_user_login\" class=\"um-field um-field-text  um-field-user_login um-field-text um-field-type_text\" data-key=\"user_login\"><div class=\"um-field-label\"><label for=\"user_login-358\">Benutzername<span class=\"um-req\" title=\"Erforderlich\">*<\/span><\/label><div class=\"um-clear\"><\/div><\/div><div class=\"um-field-area\"><input  autocomplete=\"off\" class=\"um-form-field valid \" type=\"text\" name=\"user_login-358\" id=\"user_login-358\" value=\"\" placeholder=\"\" data-validate=\"unique_username\" data-key=\"user_login\"  aria-invalid=\"false\" \/>\n\n\t\t\t\t\t\t<\/div><\/div><div  id=\"um_field_358_first_name\" class=\"um-field um-field-text  um-field-first_name um-field-text um-field-type_text\" data-key=\"first_name\"><div class=\"um-field-label\"><label for=\"first_name-358\">Vorname<span class=\"um-req\" title=\"Erforderlich\">*<\/span><\/label><div class=\"um-clear\"><\/div><\/div><div class=\"um-field-area\"><input  autocomplete=\"off\" class=\"um-form-field valid \" type=\"text\" name=\"first_name-358\" id=\"first_name-358\" value=\"\" placeholder=\"\" data-validate=\"\" data-key=\"first_name\"  aria-invalid=\"false\" \/>\n\n\t\t\t\t\t\t<\/div><\/div><div  id=\"um_field_358_last_name\" class=\"um-field um-field-text  um-field-last_name um-field-text um-field-type_text\" data-key=\"last_name\"><div class=\"um-field-label\"><label for=\"last_name-358\">Nachname<span class=\"um-req\" title=\"Erforderlich\">*<\/span><\/label><div class=\"um-clear\"><\/div><\/div><div class=\"um-field-area\"><input  autocomplete=\"off\" class=\"um-form-field valid \" type=\"text\" name=\"last_name-358\" id=\"last_name-358\" value=\"\" placeholder=\"\" data-validate=\"\" data-key=\"last_name\"  aria-invalid=\"false\" \/>\n\n\t\t\t\t\t\t<\/div><\/div><div  id=\"um_field_358_user_email\" class=\"um-field um-field-text  um-field-user_email um-field-text um-field-type_text\" data-key=\"user_email\"><div class=\"um-field-label\"><label for=\"user_email-358\">E-Mail-Adresse<span class=\"um-req\" title=\"Erforderlich\">*<\/span><\/label><div class=\"um-clear\"><\/div><\/div><div class=\"um-field-area\"><input  autocomplete=\"off\" class=\"um-form-field valid \" type=\"text\" name=\"user_email-358\" id=\"user_email-358\" value=\"\" placeholder=\"\" data-validate=\"unique_email\" data-key=\"user_email\"  aria-invalid=\"false\" \/>\n\n\t\t\t\t\t\t<\/div><\/div><div  id=\"um_field_358_user_password\" class=\"um-field um-field-password  um-field-user_password um-field-password um-field-type_password\" data-key=\"user_password\"><div class=\"um-field-label\"><label for=\"user_password-358\">Passwort<span class=\"um-req\" title=\"Erforderlich\">*<\/span><\/label><div class=\"um-clear\"><\/div><\/div><div class=\"um-field-area\"><div class=\"um-field-area-password\">\n\t\t\t\t\t\t\t\t\t<input class=\"um-form-field valid \" type=\"password\" name=\"user_password-358\" id=\"user_password-358\" value=\"\" placeholder=\"\" data-validate=\"\" data-key=\"user_password\"  aria-invalid=\"false\" \/>\n\t\t\t\t\t\t\t\t\t<span class=\"um-toggle-password\"><i class=\"um-icon-eye\"><\/i><\/span>\n\t\t\t\t\t\t\t\t<\/div>\n\t\t\t\t\t\t\t<\/div><\/div><div  id=\"um_field_358_confirm_user_password\" class=\"um-field um-field-password  um-field-user_password um-field-password um-field-type_password\" data-key=\"confirm_user_password\"><div class=\"um-field-label\"><label for=\"confirm_user_password-358\">Passwort best\u00e4tigen<span class=\"um-req\" title=\"Erforderlich\">*<\/span><\/label><div class=\"um-clear\"><\/div><\/div><div class=\"um-field-area\"><div class=\"um-field-area-password\"><input class=\"um-form-field valid \" type=\"password\" name=\"confirm_user_password-358\" id=\"confirm_user_password-358\" value=\"\" placeholder=\"Passwort best\u00e4tigen\" data-validate=\"\" data-key=\"confirm_user_password\"  aria-invalid=\"false\" \/><span class=\"um-toggle-password\"><i class=\"um-icon-eye\"><\/i><\/span><\/div><\/div><\/div><\/div><div class=\"um-col-122\"><div  id=\"um_field_358_Kursnr\" class=\"um-field um-field-text  um-field-Kursnr um-field-text um-field-type_text\" data-key=\"Kursnr\"><div class=\"um-field-label\"><label for=\"Kursnr-358\">Kurs-Nr.<\/label><div class=\"um-clear\"><\/div><\/div><div class=\"um-field-area\"><input  autocomplete=\"off\" class=\"um-form-field valid not-required \" type=\"text\" name=\"Kursnr-358\" id=\"Kursnr-358\" value=\"\" placeholder=\"\" data-validate=\"\" data-key=\"Kursnr\"  aria-invalid=\"false\" \/>\n\n\t\t\t\t\t\t<\/div><\/div><div  id=\"um_field_358_institutswechsel\" class=\"um-field um-field-radio  um-field-institutswechsel um-field-radio um-field-type_radio\" data-key=\"institutswechsel\"  aria-invalid=\"false\" ><div class=\"um-field-label\"><label for=\"institutswechsel-358\">ohne Kurs-Nr.<\/label><div class=\"um-clear\"><\/div><\/div><div class=\"um-field-area\"><label class=\"um-field-radio  um-field-half \"><input  type=\"radio\" name=\"institutswechsel[]\" value=\"Institutswechsler*in\"  \/><span class=\"um-field-radio-state\"><i class=\"um-icon-android-radio-button-off\"><\/i><\/span><span class=\"um-field-radio-option\">Institutswechsler*in<\/span><\/label><label class=\"um-field-radio  um-field-half  right \"><input  type=\"radio\" name=\"institutswechsel[]\" value=\"Gruppe \/ KiJu \/ EMDR\"  \/><span class=\"um-field-radio-state\"><i class=\"um-icon-android-radio-button-off\"><\/i><\/span><span class=\"um-field-radio-option\">Gruppe \/ KiJu \/ EMDR<\/span><\/label><div class=\"um-clear\"><\/div><div class=\"um-clear\"><\/div><\/div><\/div><div  id=\"um_field_358_institutswechsel_10\" class=\"um-field um-field-radio  um-field-institutswechsel_10 um-field-radio um-field-type_radio\" data-key=\"institutswechsel_10\"  aria-invalid=\"false\" ><div class=\"um-field-label\"><label for=\"institutswechsel_10-358\">andere<\/label><div class=\"um-clear\"><\/div><\/div><div class=\"um-field-area\"><label class=\"um-field-radio  um-field-half \"><input  type=\"radio\" name=\"institutswechsel_10[]\" value=\"Supervisor*in\"  \/><span class=\"um-field-radio-state\"><i class=\"um-icon-android-radio-button-off\"><\/i><\/span><span class=\"um-field-radio-option\">Supervisor*in<\/span><\/label><label class=\"um-field-radio  um-field-half  right \"><input  type=\"radio\" name=\"institutswechsel_10[]\" value=\"Lehrpaxis-Inhaber*in\"  \/><span class=\"um-field-radio-state\"><i class=\"um-icon-android-radio-button-off\"><\/i><\/span><span class=\"um-field-radio-option\">Lehrpaxis-Inhaber*in<\/span><\/label><div class=\"um-clear\"><\/div><div class=\"um-clear\"><\/div><\/div><\/div><\/div><div class=\"um-clear\"><\/div><\/div>\t<input type=\"hidden\" name=\"form_id\" id=\"form_id_358\" value=\"358\" \/>\n\t\t<p class=\"um_request_name\">\n\t\t<label for=\"um_request_358\">Only fill in if you are not human<\/label>\n\t\t<input type=\"hidden\" name=\"um_request\" id=\"um_request_358\" class=\"input\" value=\"\" size=\"25\" autocomplete=\"off\" \/>\n\t<\/p>\n\t<input type=\"hidden\" id=\"_wpnonce\" name=\"_wpnonce\" value=\"96eb6981f2\" \/><input type=\"hidden\" name=\"_wp_http_referer\" value=\"\/interner_bereich\/wp-json\/wp\/v2\/pages\/2790\" \/>\n<div class=\"g-recaptcha\" id=\"um-358\" data-mode=\"register\"><\/div>\n\n\n\t<div class=\"um-col-alt\">\n\n\t\t\n\t\t\t<div class=\"um-left um-half\">\n\t\t\t\t<input type=\"submit\" value=\"Registrieren\" class=\"um-button\" id=\"um-submit-btn\" \/>\n\t\t\t<\/div>\n\t\t\t<div class=\"um-right um-half\">\n\t\t\t\t<a href=\"https:\/\/berliner-fortbildungs-akademie.de\/\" class=\"um-button um-alt\">\n\t\t\t\t\tAbbrechen\t\t\t\t<\/a>\n\t\t\t<\/div>\n\n\t\t\n\t\t<div class=\"um-clear\"><\/div>\n\n\t<\/div>\n\n\t\t\t<\/form>\n\t<\/div>\n<\/div>\n<style>\n\t\t\t.um-358.um {\n\t\t\tmax-width: 1000px;\n\t\t}\n\t\t<\/style>\n\n\n\n\n<div style=\"height:30px\" aria-hidden=\"true\" class=\"wp-block-spacer\"><\/div>\n<\/div><\/div>\n\n<\/div><\/div><\/div><\/div>\n","protected":false},"excerpt":{"rendered":"<p>Registrierung f\u00fcr den Internen Bereich der Berliner FortbildungsAkademie Sobald die eingegebenen Registrierungsdaten \u00fcberpr\u00fcft wurden, erhalten Sie eine Email mit dem Aktivierungslink Ihres Accounts. Sollten Sie Schwierigkeiten beim Ausf\u00fcllen des Formulars haben, wenden Sie sich bitte an unsere Mitarbeiter*innen der BFA.<\/p>\n","protected":false},"author":1,"featured_media":0,"parent":0,"menu_order":0,"comment_status":"closed","ping_status":"closed","template":"","meta":{"site-sidebar-layout":"default","site-content-layout":"","ast-site-content-layout":"","site-content-style":"default","site-sidebar-style":"default","ast-global-header-display":"","ast-banner-title-visibility":"","ast-main-header-display":"","ast-hfb-above-header-display":"","ast-hfb-below-header-display":"","ast-hfb-mobile-header-display":"","site-post-title":"disabled","ast-breadcrumbs-content":"","ast-featured-img":"","footer-sml-layout":"","ast-disable-related-posts":"","theme-transparent-header-meta":"","adv-header-id-meta":"","stick-header-meta":"","header-above-stick-meta":"","header-main-stick-meta":"","header-below-stick-meta":"","astra-migrate-meta-layouts":"default","ast-page-background-enabled":"default","ast-page-background-meta":{"desktop":{"background-color":"var(--ast-global-color-4)","background-image":"","background-repeat":"repeat","background-position":"center center","background-size":"auto","background-attachment":"scroll","background-type":"","background-media":"","overlay-type":"","overlay-color":"","overlay-opacity":"","overlay-gradient":""},"tablet":{"background-color":"","background-image":"","background-repeat":"repeat","background-position":"center center","background-size":"auto","background-attachment":"scroll","background-type":"","background-media":"","overlay-type":"","overlay-color":"","overlay-opacity":"","overlay-gradient":""},"mobile":{"background-color":"","background-image":"","background-repeat":"repeat","background-position":"center center","background-size":"auto","background-attachment":"scroll","background-type":"","background-media":"","overlay-type":"","overlay-color":"","overlay-opacity":"","overlay-gradient":""}},"ast-content-background-meta":{"desktop":{"background-color":"var(--ast-global-color-5)","background-image":"","background-repeat":"repeat","background-position":"center center","background-size":"auto","background-attachment":"scroll","background-type":"","background-media":"","overlay-type":"","overlay-color":"","overlay-opacity":"","overlay-gradient":""},"tablet":{"background-color":"var(--ast-global-color-5)","background-image":"","background-repeat":"repeat","background-position":"center center","background-size":"auto","background-attachment":"scroll","background-type":"","background-media":"","overlay-type":"","overlay-color":"","overlay-opacity":"","overlay-gradient":""},"mobile":{"background-color":"var(--ast-global-color-5)","background-image":"","background-repeat":"repeat","background-position":"center center","background-size":"auto","background-attachment":"scroll","background-type":"","background-media":"","overlay-type":"","overlay-color":"","overlay-opacity":"","overlay-gradient":""}},"footnotes":""},"class_list":["post-2790","page","type-page","status-publish","hentry"],"_links":{"self":[{"href":"https:\/\/berliner-fortbildungs-akademie.de\/interner_bereich\/wp-json\/wp\/v2\/pages\/2790","targetHints":{"allow":["GET"]}}],"collection":[{"href":"https:\/\/berliner-fortbildungs-akademie.de\/interner_bereich\/wp-json\/wp\/v2\/pages"}],"about":[{"href":"https:\/\/berliner-fortbildungs-akademie.de\/interner_bereich\/wp-json\/wp\/v2\/types\/page"}],"author":[{"embeddable":true,"href":"https:\/\/berliner-fortbildungs-akademie.de\/interner_bereich\/wp-json\/wp\/v2\/users\/1"}],"replies":[{"embeddable":true,"href":"https:\/\/berliner-fortbildungs-akademie.de\/interner_bereich\/wp-json\/wp\/v2\/comments?post=2790"}],"version-history":[{"count":0,"href":"https:\/\/berliner-fortbildungs-akademie.de\/interner_bereich\/wp-json\/wp\/v2\/pages\/2790\/revisions"}],"wp:attachment":[{"href":"https:\/\/berliner-fortbildungs-akademie.de\/interner_bereich\/wp-json\/wp\/v2\/media?parent=2790"}],"curies":[{"name":"wp","href":"https:\/\/api.w.org\/{rel}","templated":true}]}}