{"id":7305,"date":"2024-11-18T10:56:46","date_gmt":"2024-11-18T09:56:46","guid":{"rendered":"https:\/\/wptest.b-f-a.de\/?page_id=7305"},"modified":"2025-11-11T14:12:17","modified_gmt":"2025-11-11T13:12:17","slug":"impressum","status":"publish","type":"page","link":"https:\/\/berliner-fortbildungs-akademie.de\/interner_bereich\/impressum\/","title":{"rendered":"Impressum"},"content":{"rendered":"\n<div style=\"height:30px\" aria-hidden=\"true\" class=\"wp-block-spacer\"><\/div>\n\n\n\n<h2 class=\"wp-block-heading has-text-align-center\">Impressum<\/h2>\n\n\n\n<div style=\"height:30px\" aria-hidden=\"true\" class=\"wp-block-spacer\"><\/div>\n\n\n<style>.kadence-column7305_60be02-b9{max-width:1200px;margin-left:auto;margin-right:auto;}.wp-block-kadence-column.kb-section-dir-horizontal:not(.kb-section-md-dir-vertical)>.kt-inside-inner-col>.kadence-column7305_60be02-b9{-webkit-flex:0 1 1200px;flex:0 1 1200px;max-width:unset;margin-left:unset;margin-right:unset;}.kadence-column7305_60be02-b9 > .kt-inside-inner-col,.kadence-column7305_60be02-b9 > .kt-inside-inner-col:before{border-top-left-radius:0px;border-top-right-radius:0px;border-bottom-right-radius:0px;border-bottom-left-radius:0px;}.kadence-column7305_60be02-b9 > .kt-inside-inner-col{column-gap:var(--global-kb-gap-sm, 1rem);}.kadence-column7305_60be02-b9 > .kt-inside-inner-col{flex-direction:column;}.kadence-column7305_60be02-b9 > .kt-inside-inner-col > .aligncenter{width:100%;}.kadence-column7305_60be02-b9 > .kt-inside-inner-col:before{opacity:0.3;}.kadence-column7305_60be02-b9{position:relative;}@media all and (min-width: 1025px){.wp-block-kadence-column.kb-section-dir-horizontal>.kt-inside-inner-col>.kadence-column7305_60be02-b9{-webkit-flex:0 1 1200px;flex:0 1 1200px;max-width:unset;margin-left:unset;margin-right:unset;}}@media all and (max-width: 1024px){.kadence-column7305_60be02-b9 > .kt-inside-inner-col{flex-direction:column;justify-content:center;}}@media all and (max-width: 767px){.wp-block-kadence-column.kb-section-sm-dir-vertical:not(.kb-section-sm-dir-horizontal):not(.kb-section-sm-dir-specificity)>.kt-inside-inner-col>.kadence-column7305_60be02-b9{max-width:1200px;-webkit-flex:1;flex:1;margin-left:auto;margin-right:auto;}.kadence-column7305_60be02-b9 > .kt-inside-inner-col{flex-direction:column;justify-content:center;}}<\/style>\n<div class=\"wp-block-kadence-column kadence-column7305_60be02-b9\"><div class=\"kt-inside-inner-col\">\n<h3 class=\"wp-block-heading\">F\u00fcr den Inhalt dieser Seiten ist verantwortlich:<\/h3>\n\n\n\n<pre class=\"wp-block-preformatted\">Berliner FortbildungsAkademie<br>Schlo\u00dfstra\u00dfe 107\/108<br>12163 Berlin-Steglitz<br><br>Telefon: <a href=\"http:\/\/fon.030992115239\">030 \u2013 992 115 239<\/a>     Fax: <a href=\"fax:030992115201\">030 \u2013 992 115 201<\/a>     Email: <a href=\"mailto:bfa@b-f-a.de\">bfa@b-f-a.de<\/a><br><br><br><strong>Rechtsform: <\/strong><br>Gesellschaft b\u00fcrgerlichen Rechts (GbR)<br><br><br><strong>Gesellschafter \/ Gesch\u00e4ftsf\u00fchrer:<\/strong><br>Dipl.-Psych. Andreas Bartz, Psychologischer Psychotherapeut<br>Dipl.-Psych. Klaus Conrads, Psychologischer Psychotherapeut<br><br><br><strong>Aufsichtsbeh\u00f6rde:<\/strong><br>Landesamt f\u00fcr Gesundheit und Soziales Berlin<br><br><br><strong>zust\u00e4ndige Kammer: <\/strong><br>Psychotherapeutenkammer Berlin<br><br><br><strong>Steuernummer:<\/strong><br>20\/253\/00136<br><br><br><strong>Bankdaten:<\/strong><br>IBAN: DE93 1008 0000 0252 0825 00  <br>BIC: DRESDEFF100<br><br><br>Die Berliner FortbildungsAkademie ist eine vom Landesamt f\u00fcr Gesundheit und Soziales Berlin anerkannte Ausbildungsst\u00e4tte nach dem Psychotherapeutengesetz f\u00fcr das Vertiefungsgebiet Verhaltenstherapie.<br><br>Die im Bereich Fortbildung durchgef\u00fchrten Veranstaltungen werden von der Psychotherapeutenkammer Berlin zertifiziert und mit Fortbildungspunkten versehen und k\u00f6nnen damit von Psychotherapeut:innen und \u00c4rzt:innen, die der gesetzlich vorgeschriebenen Fortbildungsverpflichtung unterliegen, genutzt werden.<br><br><br><strong>Haftungsauschluss f\u00fcr eigene Inhalte:<\/strong><br><br>Unsere Internet-Seiten enthalten Informationen, die dem:der interessierten Nutzer:in unentgeltlich und frei verf\u00fcgbar zug\u00e4nglich sind. Trotz sorgf\u00e4ltiger Zusammenstellung kann jedoch f\u00fcr diese Webseiten der Berliner FortbildungsAkademie keinerlei Haftung \u00fcbernommen werden f\u00fcr die Aktualit\u00e4t, Richtigkeit und Vollst\u00e4ndigkeit der Inhalte oder f\u00fcr die Brauchbarkeit der Inhalte f\u00fcr bestimmte Zwecke.<br><br><br><strong>Haftungsausschluss f\u00fcr verlinkte Seiten:<\/strong><br><br>Von den von uns betreuten Seiten f\u00fchren Links zu anderen Seiten im Internet. Entsprechend dem Urteil des Landgerichts Hamburg vom 12. Mai 1998 wird hiermit erkl\u00e4rt, dass wir keinen Einfluss auf die Gestaltung und auf die Inhalte der gelinkten Seiten haben. Wir distanzieren uns hiermit ausdr\u00fccklich von allen Inhalten aller gelinkten Seiten und machen uns diese nicht zu Eigen. Diese Erkl\u00e4rung gilt f\u00fcr alle Links von den Seiten, die von uns gepflegt werden sowie f\u00fcr die Inhalte der Seiten zu denen diese Links f\u00fchren.<br><br><strong><br>Haftungsausschluss f\u00fcr materielle und immaterielle Sch\u00e4den: <\/strong><br><br>Haftungsanspr\u00fcche gegen die BFA, die sich auf Sch\u00e4den materieller oder immaterieller Art beziehen, die durch die Nutzung oder Nichtnutzung der dargebotenen Informationen bzw. durch die Nutzung fehlerhafter und unvollst\u00e4ndiger Informationen verursacht wurden, sind grunds\u00e4tzlich ausgeschlossen, sofern seitens der BFA kein nachweislich vors\u00e4tzliches oder grob fahrl\u00e4ssiges Verschulden vorliegt. Wir behalten uns ausdr\u00fccklich vor, Teile der Information oder das gesamte Angebot ohne gesonderte Ank\u00fcndigung zu ver\u00e4ndern, zu erg\u00e4nzen, zu l\u00f6schen oder die Ver\u00f6ffentlichung zeitweise oder endg\u00fcltig einzustellen. Trotz aller Sorgfalt kann f\u00fcr die Richtigkeit und Vollst\u00e4ndigkeit der vorstehenden Informationen keine Haftung \u00fcbernommen werden.<\/pre>\n<\/div><\/div>\n","protected":false},"excerpt":{"rendered":"<p>Impressum F\u00fcr den Inhalt dieser Seiten ist verantwortlich: Berliner FortbildungsAkademieSchlo\u00dfstra\u00dfe 107\/10812163 Berlin-SteglitzTelefon: 030 \u2013 992 115 239 Fax: 030 \u2013 992 115 201 Email: bfa@b-f-a.deRechtsform: Gesellschaft b\u00fcrgerlichen Rechts (GbR)Gesellschafter \/ Gesch\u00e4ftsf\u00fchrer:Dipl.-Psych. Andreas Bartz, Psychologischer PsychotherapeutDipl.-Psych. Klaus Conrads, Psychologischer PsychotherapeutAufsichtsbeh\u00f6rde:Landesamt f\u00fcr Gesundheit und Soziales Berlinzust\u00e4ndige Kammer: Psychotherapeutenkammer BerlinSteuernummer:20\/253\/00136Bankdaten:IBAN: DE93 1008 0000 0252 0825 00 BIC: DRESDEFF100Die [&hellip;]<\/p>\n","protected":false},"author":1,"featured_media":0,"parent":0,"menu_order":0,"comment_status":"closed","ping_status":"closed","template":"","meta":{"site-sidebar-layout":"default","site-content-layout":"","ast-site-content-layout":"","site-content-style":"default","site-sidebar-style":"default","ast-global-header-display":"","ast-banner-title-visibility":"","ast-main-header-display":"","ast-hfb-above-header-display":"","ast-hfb-below-header-display":"","ast-hfb-mobile-header-display":"","site-post-title":"disabled","ast-breadcrumbs-content":"","ast-featured-img":"","footer-sml-layout":"","ast-disable-related-posts":"","theme-transparent-header-meta":"","adv-header-id-meta":"","stick-header-meta":"","header-above-stick-meta":"","header-main-stick-meta":"","header-below-stick-meta":"","astra-migrate-meta-layouts":"default","ast-page-background-enabled":"default","ast-page-background-meta":{"desktop":{"background-color":"var(--ast-global-color-4)","background-image":"","background-repeat":"repeat","background-position":"center center","background-size":"auto","background-attachment":"scroll","background-type":"","background-media":"","overlay-type":"","overlay-color":"","overlay-opacity":"","overlay-gradient":""},"tablet":{"background-color":"","background-image":"","background-repeat":"repeat","background-position":"center center","background-size":"auto","background-attachment":"scroll","background-type":"","background-media":"","overlay-type":"","overlay-color":"","overlay-opacity":"","overlay-gradient":""},"mobile":{"background-color":"","background-image":"","background-repeat":"repeat","background-position":"center center","background-size":"auto","background-attachment":"scroll","background-type":"","background-media":"","overlay-type":"","overlay-color":"","overlay-opacity":"","overlay-gradient":""}},"ast-content-background-meta":{"desktop":{"background-color":"var(--ast-global-color-5)","background-image":"","background-repeat":"repeat","background-position":"center center","background-size":"auto","background-attachment":"scroll","background-type":"","background-media":"","overlay-type":"","overlay-color":"","overlay-opacity":"","overlay-gradient":""},"tablet":{"background-color":"var(--ast-global-color-5)","background-image":"","background-repeat":"repeat","background-position":"center center","background-size":"auto","background-attachment":"scroll","background-type":"","background-media":"","overlay-type":"","overlay-color":"","overlay-opacity":"","overlay-gradient":""},"mobile":{"background-color":"var(--ast-global-color-5)","background-image":"","background-repeat":"repeat","background-position":"center center","background-size":"auto","background-attachment":"scroll","background-type":"","background-media":"","overlay-type":"","overlay-color":"","overlay-opacity":"","overlay-gradient":""}},"footnotes":""},"class_list":["post-7305","page","type-page","status-publish","hentry"],"_links":{"self":[{"href":"https:\/\/berliner-fortbildungs-akademie.de\/interner_bereich\/wp-json\/wp\/v2\/pages\/7305","targetHints":{"allow":["GET"]}}],"collection":[{"href":"https:\/\/berliner-fortbildungs-akademie.de\/interner_bereich\/wp-json\/wp\/v2\/pages"}],"about":[{"href":"https:\/\/berliner-fortbildungs-akademie.de\/interner_bereich\/wp-json\/wp\/v2\/types\/page"}],"author":[{"embeddable":true,"href":"https:\/\/berliner-fortbildungs-akademie.de\/interner_bereich\/wp-json\/wp\/v2\/users\/1"}],"replies":[{"embeddable":true,"href":"https:\/\/berliner-fortbildungs-akademie.de\/interner_bereich\/wp-json\/wp\/v2\/comments?post=7305"}],"version-history":[{"count":0,"href":"https:\/\/berliner-fortbildungs-akademie.de\/interner_bereich\/wp-json\/wp\/v2\/pages\/7305\/revisions"}],"wp:attachment":[{"href":"https:\/\/berliner-fortbildungs-akademie.de\/interner_bereich\/wp-json\/wp\/v2\/media?parent=7305"}],"curies":[{"name":"wp","href":"https:\/\/api.w.org\/{rel}","templated":true}]}}